{"id":575,"date":"2015-10-04T12:54:12","date_gmt":"2015-10-04T12:54:12","guid":{"rendered":"http:\/\/farinomani.it\/wordpress\/?page_id=575"},"modified":"2015-10-04T13:21:43","modified_gmt":"2015-10-04T13:21:43","slug":"acqua","status":"publish","type":"page","link":"https:\/\/farinomani.it\/wordpress\/ingredienti\/acqua\/","title":{"rendered":"Acqua"},"content":{"rendered":"<p style=\"color: #000000;\">L\u2019acqua \u00e8\u00a0(insieme alla farina) forse l\u2019ingrediente pi\u00f9 ovvio e trascurato negli impasti casalinghi.<\/p>\n<p style=\"color: #000000;\">In realt\u00e0 \u00e8 fondamentale per la riuscita di un buon impasto.<\/p>\n<p style=\"color: #000000;\">L\u2019acqua utilizzata per gli impasti deve essere ovviamente potabile: non spiego cosa si intenda per potabile&#8230;i pi\u00f9 curiosi potranno verificare le caratteristiche sul sito dell&#8217;Organizzazione Mondiale della Sanit\u00e0 e dal Ministero della Sanit\u00e0.<\/p>\n<p style=\"color: #000000;\"><strong>Requisiti dell\u2019acqua\u00a0dal punto di vista organolettico<\/strong>,\u00a0ovvero\u00a0percepibili con i nostri sensi (gusto, vista e olfatto).<\/p>\n<ul>\n<li>Non deve avere sapori o\u00a0odori anomali sia a freddo come a pi\u00f9 alta temperatura (a 60 \u00b0C);<\/li>\n<li>Deve essere limpida e incolore;<\/li>\n<li>Non deve essere torbida.<\/li>\n<\/ul>\n<p>Per tutti questi punti \u00e8\u00a0utile l&#8217;utilizzo di acque minerali imbottigliate o filtri adeguati per &#8220;ripulire&#8221; quella dell&#8217;acquedotto.<\/p>\n<p style=\"color: #000000;\"><strong>Requisiti chimici dell\u2019acqua<\/strong><\/p>\n<ul>\n<li>Assenza di sostanze organiche e inorganiche nocive (ammoniaca, cloruri, nitriti e nitrati ed elementi inorganici derivanti da infiltrazioni di industrie circostanti);<\/li>\n<li>Durezza (ovvero presenza di sali) moderata (5-20 \u00b0F);<\/li>\n<li>pH leggermente acido (valore 6).<\/li>\n<\/ul>\n<p style=\"color: #000000;\"><strong>Influenza dell\u2019acqua\u00a0sugli impasti per pane e pizza<\/strong><\/p>\n<p style=\"color: #000000;\">Le sostanze minerali che si trovano nell&#8217;acqua hanno un&#8217;influenza notevole sulla lavorabilit\u00e0, aspetto e consistenza degli impasti e dei prodotti finiti. Inutile dire che nella pratica casalinga non si presta\u00a0attenzione a tali caratteristiche&#8230;a volte anche in ambito professionale. Nonostante questo i difetti dell&#8217;acqua sono spesso facilmente correggibili.<\/p>\n<p>Ecco alcuni dei\u00a0sali\u00a0che influenzano la fermentazione:<\/p>\n<ul>\n<li>bicarbonato di sodio<\/li>\n<li>ossido, carbonato e solfato di calcio<\/li>\n<li>cloruro, ossido di magnesio<\/li>\n<\/ul>\n<p style=\"color: #000000;\">Il tipo di durezza preferibile\u00a0per gli impasti \u00e8 quella &#8220;mediamente&#8221; dura (secondo la scala di valori\u00a0francese).<\/p>\n<p style=\"color: #000000;\">In sostanza un\u2019acqua dolce pu\u00f2 creare un impasto colloso.<\/p>\n<p style=\"color: #000000;\">In questo caso aumentare la quantit\u00e0 di sale aiuta, cos\u00ec come la miscelazione con acqua pi\u00f9 dura.<\/p>\n<p style=\"color: #000000;\">Un\u2019acqua troppo dura invece crea al contrario un impasto difficile da lavorare ed irrigidisce il glutine rallentando la lievitazione (infatti la presenza di ioni calcio e magnesio aumenta i legami tra le proteine del glutine, mentre \u00e8 noto che i sali minerali inibiscono l\u2019attivit\u00e0 del lievito).<\/p>\n<p style=\"color: #000000;\">In questo caso si pu\u00f2\u00a0utilizzare dell&#8217;acqua imbottigliata dalla durezza inferiore miscelandola, oppure installare un deionizzatore \u00a0sulla propria rete idrica per filtrare soprattutto i sali di calcio e di magnesio.<\/p>\n<p style=\"color: #000000;\">L\u2019impasto per pane e pizze deve avere un pH leggermente acido attorno a 5-6.<br \/>\nInfatti l\u2019acqua alcalina (oltre il valore di 7) determina \u00a0conseguenze a volte gravi sulla lievitazione e sulla formazione del glutine.<br \/>\nCon l\u2019utilizzo di acqua troppo alcalina si avr\u00e0 un impasto con pH superiore a 6, causando una ridotta attivit\u00e0 dei lieviti, della diastasi e dei batteri lattici. Il tutto si traduce in una\u00a0minore lievitazione.<\/p>\n","protected":false},"excerpt":{"rendered":"<p>L\u2019acqua \u00e8\u00a0(insieme alla farina) forse l\u2019ingrediente pi\u00f9 ovvio e trascurato negli impasti casalinghi. In realt\u00e0 \u00e8 fondamentale per la riuscita di un buon impasto. L\u2019acqua&#8230; <\/p>\n<p class=\"more\"><a class=\"more-link\" href=\"https:\/\/farinomani.it\/wordpress\/ingredienti\/acqua\/\">Read More<\/a><\/p>\n","protected":false},"author":1,"featured_media":0,"parent":22,"menu_order":0,"comment_status":"open","ping_status":"open","template":"","meta":{"om_disable_all_campaigns":false,"_monsterinsights_skip_tracking":false,"_monsterinsights_sitenote_active":false,"_monsterinsights_sitenote_note":"","_monsterinsights_sitenote_category":0,"_uf_show_specific_survey":0,"_uf_disable_surveys":false,"jetpack_post_was_ever_published":false,"footnotes":""},"class_list":["post-575","page","type-page","status-publish","hentry","is-cat-link-solid-light is-cat-link-rounded"],"aioseo_notices":[],"jetpack_sharing_enabled":true,"jetpack_shortlink":"https:\/\/wp.me\/P7vM5r-9h","jetpack-related-posts":[],"jetpack_likes_enabled":true,"_links":{"self":[{"href":"https:\/\/farinomani.it\/wordpress\/wp-json\/wp\/v2\/pages\/575","targetHints":{"allow":["GET"]}}],"collection":[{"href":"https:\/\/farinomani.it\/wordpress\/wp-json\/wp\/v2\/pages"}],"about":[{"href":"https:\/\/farinomani.it\/wordpress\/wp-json\/wp\/v2\/types\/page"}],"author":[{"embeddable":true,"href":"https:\/\/farinomani.it\/wordpress\/wp-json\/wp\/v2\/users\/1"}],"replies":[{"embeddable":true,"href":"https:\/\/farinomani.it\/wordpress\/wp-json\/wp\/v2\/comments?post=575"}],"version-history":[{"count":5,"href":"https:\/\/farinomani.it\/wordpress\/wp-json\/wp\/v2\/pages\/575\/revisions"}],"predecessor-version":[{"id":583,"href":"https:\/\/farinomani.it\/wordpress\/wp-json\/wp\/v2\/pages\/575\/revisions\/583"}],"up":[{"embeddable":true,"href":"https:\/\/farinomani.it\/wordpress\/wp-json\/wp\/v2\/pages\/22"}],"wp:attachment":[{"href":"https:\/\/farinomani.it\/wordpress\/wp-json\/wp\/v2\/media?parent=575"}],"curies":[{"name":"wp","href":"https:\/\/api.w.org\/{rel}","templated":true}]}}