{"id":502,"date":"2015-10-03T15:20:07","date_gmt":"2015-10-03T15:20:07","guid":{"rendered":"http:\/\/farinomani.it\/wordpress\/?page_id=502"},"modified":"2015-10-03T15:39:02","modified_gmt":"2015-10-03T15:39:02","slug":"quantita-di-pasta-madre-negli-impasti","status":"publish","type":"page","link":"https:\/\/farinomani.it\/wordpress\/la-pasta-madre\/quantita-di-pasta-madre-negli-impasti\/","title":{"rendered":"Quantit\u00e0 di pasta madre negli impasti"},"content":{"rendered":"<p style=\"color: #414141;\"><strong>Premessa<\/strong><\/p>\n<p style=\"color: #414141;\">Inutile dire, se avrete compreso a questo punto la variabilit\u00e0 degli elementi che concorrono a realizzare e mantenere una buona pasta madre, che la quantit\u00e0 da utilizzare nei vari impasti pu\u00f2 essere molto variabile.<\/p>\n<p style=\"color: #414141;\">Di seguito riporto il rapporto tra pasta madre, acqua e farina nella media della mia esperienza e in quella di tanti altri panificatori provetti.<\/p>\n<p style=\"color: #414141;\"><b>Impasti salati<\/b><\/p>\n<p style=\"color: #414141;\">In questi impasti, come ad esempio pane, pizza, ecc.\u00a0avremo 3 categorie con<strong> percentuali sul totale della farina<\/strong>:<\/p>\n<ol>\n<li><span style=\"color: #414141;\">Impasti <strong>asciutti<\/strong>, fino al <strong>60% di <\/strong><\/span><span style=\"color: #414141;\"><strong>acqua<\/strong> ovvero idratazione<\/span><span style=\"color: #414141;\">\u00a0(<\/span><span style=\"color: #414141;\">quindi ad esempio <\/span><span style=\"color: #414141;\">600<\/span><span style=\"color: #414141;\">\u00a0gr. per kg di farina\u00a0<\/span><span style=\"color: #414141;\">come per il<\/span><span style=\"color: #414141;\"> pane comune): <strong>25%<\/strong><\/span><span style=\"color: #414141;\"><strong>\u00a0di lievito <\/strong>madre\u00a0<\/span><span style=\"color: #414141;\">(quindi ad esempio 250 gr. per kg di farina).<\/span><\/li>\n<li><span style=\"color: #414141;\">Impasti di <strong>media <\/strong><\/span><strong><span style=\"color: #414141;\">&#8220;asciuttezza&#8221;<\/span><\/strong><span style=\"color: #414141;\">,\u00a0 <strong>61<\/strong><\/span><strong><span style=\"color: #414141;\">&#8211;<\/span><\/strong><span style=\"color: #414141;\"><strong>70% di idratazione<\/strong> (<\/span><span style=\"color: #414141;\">come per<\/span><span style=\"color: #414141;\">\u00a0le baguette e alcuni tipi di pizza): <strong>20% <\/strong><\/span><span style=\"color: #414141;\"><strong>di lievito<\/strong> madre.<\/span><\/li>\n<li><span style=\"color: #414141;\">Impasti <strong>molli<\/strong>,<strong> oltre il 70% di idratazione<\/strong> (<\/span><span style=\"color: #414141;\">come per la\u00a0<\/span><span style=\"color: #414141;\"> ciabatta e pizze in teglia): <strong>15% <\/strong><\/span><span style=\"color: #414141;\"><strong>di lievito madre<\/strong>.<\/span><\/li>\n<\/ol>\n<p style=\"color: #414141;\">Si noti quindi che all&#8217;aumentare dell&#8217;acqua diminuisce il lievito (sono in sostanza inversamente proporzionali).<\/p>\n<p style=\"color: #414141;\"><b>Impasti dolci<\/b><\/p>\n<p style=\"color: #414141;\">Per i lievitati dolci le cose si complicano\u00a0per la presenza\u00a0di molti altri\u00a0ingredienti: oltre all&#8217;idratazione dell&#8217;acqua concorrono le\u00a0uova, lo zucchero,\u00a0i\u00a0grassi nelle varie forme\u00a0e il\u00a0sale.<\/p>\n<p style=\"color: #414141;\">Possiamo quindi indicare molto grossolanamente\u00a0anche qui 3 categorie, prendendo ad esempio 3 tipi di lavorazioni brioche:<\/p>\n<ol>\n<li><span style=\"color: #414141;\">Impasti leggeri con grasso fino al 15% sulla farina (pan brioche semplice): 25% di lievito\u00a0sulla farina, e\u00a01-2 rinfreschi.<\/span><\/li>\n<li><span style=\"color: #414141;\">Impasti mediamente grassi con grasso dal 16 al 30% sulla farina (brioche italiana): 30% di\u00a0lievito\u00a0sulla farina, e\u00a02 rinfreschi.<\/span><\/li>\n<li><span style=\"color: #414141;\">Impasti grassi\u00a0con grasso oltre il 30% (brioche francese): 35% di\u00a0lievito\u00a0sulla farina, e\u00a03 rinfreschi.<\/span><\/li>\n<\/ol>\n<p style=\"color: #414141;\">Per i lievitati come\u00a0panettone, pandoro, colomba, ecc. la quantit\u00e0\u00a0li lievito\u00a0\u00e8 indicata nella\u00a0ricetta cui farete riferimento ma \u00e8 molto variamente compresa tra il 20 ed il 50% sulla farina.<\/p>\n<p>&nbsp;<\/p>\n","protected":false},"excerpt":{"rendered":"<p>Premessa Inutile dire, se avrete compreso a questo punto la variabilit\u00e0 degli elementi che concorrono a realizzare e mantenere una buona pasta madre, che la&#8230; <\/p>\n<p class=\"more\"><a class=\"more-link\" href=\"https:\/\/farinomani.it\/wordpress\/la-pasta-madre\/quantita-di-pasta-madre-negli-impasti\/\">Read More<\/a><\/p>\n","protected":false},"author":1,"featured_media":0,"parent":20,"menu_order":0,"comment_status":"open","ping_status":"open","template":"","meta":{"om_disable_all_campaigns":false,"_monsterinsights_skip_tracking":false,"_monsterinsights_sitenote_active":false,"_monsterinsights_sitenote_note":"","_monsterinsights_sitenote_category":0,"_uf_show_specific_survey":0,"_uf_disable_surveys":false,"jetpack_post_was_ever_published":false,"footnotes":""},"class_list":["post-502","page","type-page","status-publish","hentry","is-cat-link-solid-light is-cat-link-rounded"],"aioseo_notices":[],"jetpack_sharing_enabled":true,"jetpack_shortlink":"https:\/\/wp.me\/P7vM5r-86","jetpack-related-posts":[],"jetpack_likes_enabled":true,"_links":{"self":[{"href":"https:\/\/farinomani.it\/wordpress\/wp-json\/wp\/v2\/pages\/502","targetHints":{"allow":["GET"]}}],"collection":[{"href":"https:\/\/farinomani.it\/wordpress\/wp-json\/wp\/v2\/pages"}],"about":[{"href":"https:\/\/farinomani.it\/wordpress\/wp-json\/wp\/v2\/types\/page"}],"author":[{"embeddable":true,"href":"https:\/\/farinomani.it\/wordpress\/wp-json\/wp\/v2\/users\/1"}],"replies":[{"embeddable":true,"href":"https:\/\/farinomani.it\/wordpress\/wp-json\/wp\/v2\/comments?post=502"}],"version-history":[{"count":4,"href":"https:\/\/farinomani.it\/wordpress\/wp-json\/wp\/v2\/pages\/502\/revisions"}],"predecessor-version":[{"id":509,"href":"https:\/\/farinomani.it\/wordpress\/wp-json\/wp\/v2\/pages\/502\/revisions\/509"}],"up":[{"embeddable":true,"href":"https:\/\/farinomani.it\/wordpress\/wp-json\/wp\/v2\/pages\/20"}],"wp:attachment":[{"href":"https:\/\/farinomani.it\/wordpress\/wp-json\/wp\/v2\/media?parent=502"}],"curies":[{"name":"wp","href":"https:\/\/api.w.org\/{rel}","templated":true}]}}